{"id":457,"date":"2020-04-23T14:58:13","date_gmt":"2020-04-23T17:58:13","guid":{"rendered":"https:\/\/eltrebol.gov.ar\/comprelocal\/?page_id=457"},"modified":"2020-04-23T17:57:23","modified_gmt":"2020-04-23T20:57:23","slug":"preguntas-frecuentes","status":"publish","type":"page","link":"https:\/\/eltrebol.gov.ar\/comprelocal\/?page_id=457","title":{"rendered":"Preguntas Frecuentes"},"content":{"rendered":"<div class=\"row row-large row-solid\"  id=\"row-1002137071\">\n\n\t<div id=\"col-1533836996\" class=\"col medium-6 small-12 large-6\"  >\n\t\t\t\t<div class=\"col-inner\"  >\n\t\t\t\n\t\t\t\n  <div id=\"page-header-2061516868\" class=\"page-header-wrapper\">\n  <div class=\"page-title dark featured-title\">\n\n    \n    <div class=\"page-title-inner container align-center text-center flex-row-col medium-flex-wrap\" >\n              <div class=\"title-wrapper flex-col\">\n          <h1 class=\"entry-title mb-0\">\n            Preguntas Frecuentes          <\/h1>\n        <\/div>\n                    <div class=\"title-content flex-col\">\n        <div class=\"title-share pt-half pb-half\"><div class=\"social-icons share-icons share-row relative\" ><a href=\"whatsapp:\/\/send?text=Preguntas%20Frecuentes - https:\/\/eltrebol.gov.ar\/comprelocal\/?page_id=457\" data-action=\"share\/whatsapp\/share\" class=\"icon button circle is-outline tooltip whatsapp show-for-medium\" title=\"Share on WhatsApp\" aria-label=\"Share on WhatsApp\"><i class=\"icon-whatsapp\"><\/i><\/a><a href=\"https:\/\/www.facebook.com\/sharer.php?u=https:\/\/eltrebol.gov.ar\/comprelocal\/?page_id=457\" data-label=\"Facebook\" onclick=\"window.open(this.href,this.title,'width=500,height=500,top=300px,left=300px');  return false;\" rel=\"noopener noreferrer nofollow\" target=\"_blank\" class=\"icon button circle is-outline tooltip facebook\" title=\"Compartir en Facebook\" aria-label=\"Compartir en Facebook\"><i class=\"icon-facebook\" ><\/i><\/a><a href=\"https:\/\/twitter.com\/share?url=https:\/\/eltrebol.gov.ar\/comprelocal\/?page_id=457\" onclick=\"window.open(this.href,this.title,'width=500,height=500,top=300px,left=300px');  return false;\" rel=\"noopener noreferrer nofollow\" target=\"_blank\" class=\"icon button circle is-outline tooltip twitter\" title=\"Compartir en Twitter\" aria-label=\"Compartir en Twitter\"><i class=\"icon-twitter\" ><\/i><\/a><a href=\"mailto:enteryour@addresshere.com?subject=Preguntas%20Frecuentes&amp;body=Check%20this%20out:%20https:\/\/eltrebol.gov.ar\/comprelocal\/?page_id=457\" rel=\"nofollow\" class=\"icon button circle is-outline tooltip email\" title=\"Env\u00eda por email\" aria-label=\"Env\u00eda por email\"><i class=\"icon-envelop\" ><\/i><\/a><a href=\"https:\/\/pinterest.com\/pin\/create\/button\/?url=https:\/\/eltrebol.gov.ar\/comprelocal\/?page_id=457&amp;media=&amp;description=Preguntas%20Frecuentes\" onclick=\"window.open(this.href,this.title,'width=500,height=500,top=300px,left=300px');  return false;\" rel=\"noopener noreferrer nofollow\" target=\"_blank\" class=\"icon button circle is-outline tooltip pinterest\" title=\"Pinear en Pinterest\" aria-label=\"Pinear en Pinterest\"><i class=\"icon-pinterest\" ><\/i><\/a><a href=\"https:\/\/www.linkedin.com\/shareArticle?mini=true&url=https:\/\/eltrebol.gov.ar\/comprelocal\/?page_id=457&title=Preguntas%20Frecuentes\" onclick=\"window.open(this.href,this.title,'width=500,height=500,top=300px,left=300px');  return false;\"  rel=\"noopener noreferrer nofollow\" target=\"_blank\" class=\"icon button circle is-outline tooltip linkedin\" title=\"Share on LinkedIn\" aria-label=\"Share on LinkedIn\"><i class=\"icon-linkedin\" ><\/i><\/a><\/div><\/div>      <\/div>\n    <\/div>\n\n       <\/div>\n    <\/div>\n  \n\t<div id=\"gap-1232708636\" class=\"gap-element clearfix\" style=\"display:block; height:auto;\">\n\t\t\n<style>\n#gap-1232708636 {\n  padding-top: 15px;\n}\n<\/style>\n\t<\/div>\n\t\n<p style=\"text-align: center;\">Estas son algunas de las preguntas frecuentes de como vender en Compre Local. Sumamos atenci\u00f3n personalizada para comercios, para que utilicen la plataforma y le puedan sacar todo el potencial. Sacate todas las dudas para empezar a vender.<\/p>\n\t\t<\/div>\n\t\t\t\t\t<\/div>\n\n\t\n\n\t<div id=\"col-96067141\" class=\"col medium-6 small-12 large-6\"  >\n\t\t\t\t<div class=\"col-inner\"  >\n\t\t\t\n\t\t\t\n<div class=\"accordion\" rel=\"\">\n<div class=\"accordion-item\"><a href=\"#\" class=\"accordion-title plain\"><button class=\"toggle\"><i class=\"icon-angle-down\"><\/i><\/button><span>\u00bfC\u00f3mo funciona Compre Local?<\/span><\/a><div class=\"accordion-inner\">\n<p>Unirse y publicar t\u00fa comercio en Compre Local es f\u00e1cil y gratuito para los adheridos al convenio con la Municipalidad de El Tr\u00e9bol. Puedes ver un tutorial <a href=\"https:\/\/eltrebol.gov.ar\/comprelocal\/ayuda\/\">aqu\u00ed<\/a>.<br \/><strong>No estas adherido?<\/strong> Llama al <a href=\"tel:03401422882\" target=\"_blank\" rel=\"noopener noreferrer\">03401 42-2882<\/a>, de lunes a viernes de 8 a 10hs, y te indicar\u00e1n los pasos a seguir!<\/p>\n<\/div><\/div>\n<div class=\"accordion-item\"><a href=\"#\" class=\"accordion-title plain\"><button class=\"toggle\"><i class=\"icon-angle-down\"><\/i><\/button><span>\u00bfQu\u00e9 puedo vender en Compre Local?<\/span><\/a><div class=\"accordion-inner\">\n<p>Es f\u00e1cil, todos los productos que tengas a tu alcance, quieras publicar y puedas enviar.<\/p>\n<\/div><\/div>\n<div class=\"accordion-item\"><a href=\"#\" class=\"accordion-title plain\"><button class=\"toggle\"><i class=\"icon-angle-down\"><\/i><\/button><span>\u00bfQu\u00e9 necesito hacer para publicar mi comercio?<\/span><\/a><div class=\"accordion-inner\">\n<p>Es sencillo:<\/p>\n<ul>\n<li>Crea una cuenta.<\/li>\n<li>Publica el nombre del comercio y tus datos.<\/li>\n<li>Crea una lista de productos<\/li>\n<li>Establece forma de pago y env\u00edos.<\/li>\n<\/ul>\n<\/div><\/div>\n<div class=\"accordion-item\"><a href=\"#\" class=\"accordion-title plain\"><button class=\"toggle\"><i class=\"icon-angle-down\"><\/i><\/button><span>\u00bfQuiero publicar mi comercio y no estoy adherido?<\/span><\/a><div class=\"accordion-inner\">\n<p>Llamanos al <a href=\"tel:03401422882\" target=\"_blank\" rel=\"noopener noreferrer\"><strong>03401 42-2882<\/strong><\/a>, de lunes a viernes de 8 a 10hs, y buscaremos la forma para qu\u00e9 tu comercio pueda participar en Compre Local.<\/p>\n<\/div><\/div>\n<\/div>\n\t\t<\/div>\n\t\t\t\t\t<\/div>\n\n\t\n<\/div>\n\n  <div class=\"banner has-hover\" id=\"banner-648170622\">\n          <div class=\"banner-inner fill\">\n        <div class=\"banner-bg fill\" >\n            <div class=\"bg fill bg-fill \"><\/div>\n                        <div class=\"overlay\"><\/div>            \n                    <\/div>\n        <div class=\"banner-layers container\">\n            <div class=\"fill banner-link\"><\/div>            \n   <div id=\"text-box-2125853271\" class=\"text-box banner-layer x50 md-x50 lg-x50 y50 md-y50 lg-y50 res-text\">\n                                <div class=\"text-box-content text dark\">\n              \n              <div class=\"text-inner text-center\">\n                  \n<h3 class=\"uppercase\"><strong>\u00a1El momento de<\/strong><br \/><strong>vender es ahora!<\/strong><\/h3>\n<p>Te acercamos herramientas para crecer.<\/p>\n<a href=\"https:\/\/eltrebol.gov.ar\/comprelocal\/vender\/\" target=\"_self\" class=\"button secondary\"  style=\"border-radius:10px;\">\n    <span>Empezar a vender!<\/span>\n  <\/a>\n\n              <\/div>\n           <\/div>\n                            \n<style>\n#text-box-2125853271 {\n  width: 60%;\n}\n#text-box-2125853271 .text-box-content {\n  font-size: 100%;\n}\n@media (min-width:550px) {\n  #text-box-2125853271 {\n    width: 40%;\n  }\n}\n<\/style>\n    <\/div>\n \n        <\/div>\n      <\/div>\n\n            \n<style>\n#banner-648170622 {\n  padding-top: 450px;\n}\n#banner-648170622 .bg.bg-loaded {\n  background-image: url(https:\/\/eltrebol.gov.ar\/comprelocal\/wp-content\/uploads\/2020\/04\/fondo.jpg);\n}\n#banner-648170622 .overlay {\n  background-color: rgba(28, 43, 54, 0.9);\n}\n<\/style>\n  <\/div>\n\n\n","protected":false},"excerpt":{"rendered":"","protected":false},"author":2,"featured_media":0,"parent":0,"menu_order":0,"comment_status":"closed","ping_status":"closed","template":"page-blank.php","meta":{"footnotes":""},"class_list":["post-457","page","type-page","status-publish","hentry"],"_links":{"self":[{"href":"https:\/\/eltrebol.gov.ar\/comprelocal\/index.php?rest_route=\/wp\/v2\/pages\/457","targetHints":{"allow":["GET"]}}],"collection":[{"href":"https:\/\/eltrebol.gov.ar\/comprelocal\/index.php?rest_route=\/wp\/v2\/pages"}],"about":[{"href":"https:\/\/eltrebol.gov.ar\/comprelocal\/index.php?rest_route=\/wp\/v2\/types\/page"}],"author":[{"embeddable":true,"href":"https:\/\/eltrebol.gov.ar\/comprelocal\/index.php?rest_route=\/wp\/v2\/users\/2"}],"replies":[{"embeddable":true,"href":"https:\/\/eltrebol.gov.ar\/comprelocal\/index.php?rest_route=%2Fwp%2Fv2%2Fcomments&post=457"}],"version-history":[{"count":32,"href":"https:\/\/eltrebol.gov.ar\/comprelocal\/index.php?rest_route=\/wp\/v2\/pages\/457\/revisions"}],"predecessor-version":[{"id":530,"href":"https:\/\/eltrebol.gov.ar\/comprelocal\/index.php?rest_route=\/wp\/v2\/pages\/457\/revisions\/530"}],"wp:attachment":[{"href":"https:\/\/eltrebol.gov.ar\/comprelocal\/index.php?rest_route=%2Fwp%2Fv2%2Fmedia&parent=457"}],"curies":[{"name":"wp","href":"https:\/\/api.w.org\/{rel}","templated":true}]}}