{"id":5,"date":"2020-04-19T11:49:03","date_gmt":"2020-04-19T14:49:03","guid":{"rendered":"https:\/\/eltrebol.gov.ar\/comprelocal\/registro-vendedor\/"},"modified":"2020-05-04T12:01:03","modified_gmt":"2020-05-04T15:01:03","slug":"vender","status":"publish","type":"page","link":"https:\/\/eltrebol.gov.ar\/comprelocal\/?page_id=5","title":{"rendered":"Quiero vender!"},"content":{"rendered":"<div class=\"row row-collapse row-full-width align-middle row-solid\"  id=\"row-25756667\">\n\n\t<div id=\"col-535335889\" class=\"col medium-6 small-12 large-6\"  >\n\t\t\t\t<div class=\"col-inner\"  >\n\t\t\t\n\t\t\t\n[vendor_registration]\n\t\t<\/div>\n\t\t\t\t\n<style>\n#col-535335889 > .col-inner {\n  padding: 30px 30px 30px 30px;\n}\n<\/style>\n\t<\/div>\n\n\t\n\n\t<div id=\"col-1279892585\" class=\"col medium-6 small-12 large-6\"  >\n\t\t\t\t<div class=\"col-inner\"  >\n\t\t\t\n\t\t\t\n\n  <div class=\"banner has-hover\" id=\"banner-1529948805\">\n          <div class=\"banner-inner fill\">\n        <div class=\"banner-bg fill\" >\n            <div class=\"bg fill bg-fill \"><\/div>\n                        <div class=\"overlay\"><\/div>            \n                    <\/div>\n        <div class=\"banner-layers container\">\n            <div class=\"fill banner-link\"><\/div>            \n   <div id=\"text-box-1817136876\" class=\"text-box banner-layer x50 md-x50 lg-x50 y70 md-y70 lg-y70 res-text\">\n                                <div class=\"text-box-content text dark\">\n              \n              <div class=\"text-inner text-center\">\n                  \n<h4 class=\"vc_custom_heading mf-semi-bold vc_custom_1531509568716\">\u00bfPOR QU\u00c9 VENDER EN COMPRE LOCAL?<\/h4>\n<h2 class=\"vc_custom_heading semibold vc_custom_1531509508408\">Miles de compradores est\u00e1n esperando ver lo que hay en t\u00fa comercio!<\/h2>\n<h4 class=\"uppercase\">Te acercamos herramientas para crecer<\/h4>\n              <\/div>\n           <\/div>\n                            \n<style>\n#text-box-1817136876 {\n  width: 77%;\n}\n#text-box-1817136876 .text-box-content {\n  font-size: 100%;\n}\n<\/style>\n    <\/div>\n \n        <\/div>\n      <\/div>\n\n            \n<style>\n#banner-1529948805 {\n  padding-top: 400px;\n}\n#banner-1529948805 .bg.bg-loaded {\n  background-image: url(https:\/\/eltrebol.gov.ar\/comprelocal\/wp-content\/uploads\/2020\/04\/fondo.jpg);\n}\n#banner-1529948805 .overlay {\n  background-color: rgba(28, 43, 54, 0.9);\n}\n<\/style>\n  <\/div>\n\n\n\t\t<\/div>\n\t\t\t\t\t<\/div>\n\n\t\n<\/div>\n<div class=\"row row-collapse row-full-width align-middle align-center\"  id=\"row-1424877468\">\n\n\t<div id=\"col-101901720\" class=\"col small-12 large-12\"  >\n\t\t\t\t<div class=\"col-inner\"  >\n\t\t\t\n\t\t\t\n<p class=\"thin-font lead\" style=\"text-align: center;\">\u00a1El momento de vender con plataformas es ahora!<\/p>\n\t\t<\/div>\n\t\t\t\t\t<\/div>\n\n\t\n\n<style>\n#row-1424877468 > .col > .col-inner {\n  padding: 25px 0px 5px 0px;\n  background-color: rgba(0, 0, 0, 0.1);\n}\n<\/style>\n<\/div>\n<div class=\"row\"  id=\"row-296782936\">\n\n\t<div id=\"col-154667356\" class=\"col medium-4 small-12 large-4\"  >\n\t\t\t\t<div class=\"col-inner\"  >\n\t\t\t\n\t\t\t\n\n\t\t<div class=\"icon-box featured-box icon-box-center text-center\"  >\n\t\t\t\t\t<div class=\"icon-box-img\" style=\"width: 100px\">\n\t\t\t\t<div class=\"icon\">\n\t\t\t\t\t<div class=\"icon-inner\" >\n\t\t\t\t\t\t<img loading=\"lazy\" decoding=\"async\" width=\"142\" height=\"90\" src=\"https:\/\/eltrebol.gov.ar\/comprelocal\/wp-content\/uploads\/2020\/04\/icon-box-1.png\" class=\"attachment-medium size-medium\" alt=\"\" \/>\t\t\t\t\t<\/div>\n\t\t\t\t<\/div>\n\t\t\t<\/div>\n\t\t\t\t<div class=\"icon-box-text last-reset\">\n\t\t\t\t\t\t\t\t\t\n<h3 style=\"text-align: center;\">\u00a1Public\u00e1 productos gratis!<\/h3>\n<div class=\"martfury-icon-box icon_position-top-center text_left \">\n<div class=\"box-wrapper\">\n<div class=\"desc\" style=\"text-align: center;\">Vender en Compre Local es gratuito para todos los comercios que cumplan el convenio de adhesi\u00f3n de la ciudad de El Tr\u00e9bol.<\/div>\n<\/div>\n<\/div>\n\t\t<\/div>\n\t<\/div>\n\t\n\t\n\t\t<\/div>\n\t\t\t\t\t<\/div>\n\n\t\n\n\t<div id=\"col-1177504016\" class=\"col medium-4 small-12 large-4\"  >\n\t\t\t\t<div class=\"col-inner\"  >\n\t\t\t\n\t\t\t\n\n\t\t<div class=\"icon-box featured-box icon-box-center text-center\"  >\n\t\t\t\t\t<div class=\"icon-box-img\" style=\"width: 50px\">\n\t\t\t\t<div class=\"icon\">\n\t\t\t\t\t<div class=\"icon-inner\" >\n\t\t\t\t\t\t<img loading=\"lazy\" decoding=\"async\" width=\"105\" height=\"130\" src=\"https:\/\/eltrebol.gov.ar\/comprelocal\/wp-content\/uploads\/2020\/04\/icon-box-2.png\" class=\"attachment-medium size-medium\" alt=\"\" \/>\t\t\t\t\t<\/div>\n\t\t\t\t<\/div>\n\t\t\t<\/div>\n\t\t\t\t<div class=\"icon-box-text last-reset\">\n\t\t\t\t\t\t\t\t\t\n<h3 style=\"text-align: center;\">Mejoras en la plataforma<\/h3>\n<div class=\"martfury-icon-box icon_position-top-center text_left \">\n<div class=\"box-wrapper\">\n<div class=\"desc\" style=\"text-align: center;\">Trabajamos para mejorar nuestras herramientas y servicios lo hacen f\u00e1cil para administrar, promover y hacer crecer su negocio.<\/div>\n<\/div>\n<\/div>\n\t\t<\/div>\n\t<\/div>\n\t\n\t\n\t\t<\/div>\n\t\t\t\t\t<\/div>\n\n\t\n\n\t<div id=\"col-827904689\" class=\"col medium-4 small-12 large-4\"  >\n\t\t\t\t<div class=\"col-inner\"  >\n\t\t\t\n\t\t\t\n\n\t\t<div class=\"icon-box featured-box icon-box-center text-center\"  >\n\t\t\t\t\t<div class=\"icon-box-img\" style=\"width: 60px\">\n\t\t\t\t<div class=\"icon\">\n\t\t\t\t\t<div class=\"icon-inner\" >\n\t\t\t\t\t\t<img loading=\"lazy\" decoding=\"async\" width=\"131\" height=\"132\" src=\"https:\/\/eltrebol.gov.ar\/comprelocal\/wp-content\/uploads\/2020\/04\/icon-box-3.png\" class=\"attachment-medium size-medium\" alt=\"\" srcset=\"https:\/\/eltrebol.gov.ar\/comprelocal\/wp-content\/uploads\/2020\/04\/icon-box-3.png 131w, https:\/\/eltrebol.gov.ar\/comprelocal\/wp-content\/uploads\/2020\/04\/icon-box-3-100x100.png 100w\" sizes=\"auto, (max-width: 131px) 100vw, 131px\" \/>\t\t\t\t\t<\/div>\n\t\t\t\t<\/div>\n\t\t\t<\/div>\n\t\t\t\t<div class=\"icon-box-text last-reset\">\n\t\t\t\t\t\t\t\t\t\n<h3 style=\"text-align: center;\">Asesoramiento Permanente<\/h3>\n<div class=\"martfury-icon-box icon_position-top-center text_left \">\n<div class=\"box-wrapper\">\n<div class=\"desc\" style=\"text-align: center;\">\n<div class=\"martfury-icon-box icon_position-top-center text_left \">\n<div class=\"box-wrapper\">\n<div class=\"desc\">Contamos con un equipo institucional qu\u00e9 puede asistir en la creaci\u00f3n de t\u00fa Comercio Online y optimizar tus ventas.<\/div>\n<\/div>\n<\/div>\n<div class=\"martfury-empty-space \"><\/div>\n<\/div>\n<\/div>\n<\/div>\n\t\t<\/div>\n\t<\/div>\n\t\n\t\n\t\t<\/div>\n\t\t\t\t\t<\/div>\n\n\t\n\n<style>\n#row-296782936 > .col > .col-inner {\n  padding: 20px 20px 20px 20px;\n}\n<\/style>\n<\/div>\n","protected":false},"excerpt":{"rendered":"","protected":false},"author":2,"featured_media":1163,"parent":0,"menu_order":0,"comment_status":"closed","ping_status":"closed","template":"page-my-account.php","meta":{"footnotes":""},"class_list":["post-5","page","type-page","status-publish","has-post-thumbnail","hentry"],"_links":{"self":[{"href":"https:\/\/eltrebol.gov.ar\/comprelocal\/index.php?rest_route=\/wp\/v2\/pages\/5","targetHints":{"allow":["GET"]}}],"collection":[{"href":"https:\/\/eltrebol.gov.ar\/comprelocal\/index.php?rest_route=\/wp\/v2\/pages"}],"about":[{"href":"https:\/\/eltrebol.gov.ar\/comprelocal\/index.php?rest_route=\/wp\/v2\/types\/page"}],"author":[{"embeddable":true,"href":"https:\/\/eltrebol.gov.ar\/comprelocal\/index.php?rest_route=\/wp\/v2\/users\/2"}],"replies":[{"embeddable":true,"href":"https:\/\/eltrebol.gov.ar\/comprelocal\/index.php?rest_route=%2Fwp%2Fv2%2Fcomments&post=5"}],"version-history":[{"count":7,"href":"https:\/\/eltrebol.gov.ar\/comprelocal\/index.php?rest_route=\/wp\/v2\/pages\/5\/revisions"}],"predecessor-version":[{"id":448,"href":"https:\/\/eltrebol.gov.ar\/comprelocal\/index.php?rest_route=\/wp\/v2\/pages\/5\/revisions\/448"}],"wp:featuredmedia":[{"embeddable":true,"href":"https:\/\/eltrebol.gov.ar\/comprelocal\/index.php?rest_route=\/wp\/v2\/media\/1163"}],"wp:attachment":[{"href":"https:\/\/eltrebol.gov.ar\/comprelocal\/index.php?rest_route=%2Fwp%2Fv2%2Fmedia&parent=5"}],"curies":[{"name":"wp","href":"https:\/\/api.w.org\/{rel}","templated":true}]}}