{"id":8,"date":"2020-06-24T08:03:31","date_gmt":"2020-06-24T11:03:31","guid":{"rendered":"https:\/\/corsalini.com.ar\/turnos\/booking-page\/"},"modified":"2026-03-19T07:47:35","modified_gmt":"2026-03-19T10:47:35","slug":"inicio","status":"publish","type":"page","link":"https:\/\/eltrebol.gov.ar\/licencia\/","title":{"rendered":"Solicitar un turno"},"content":{"rendered":"<!--\nPlugin Name: Bookly - Responsive WordPress Appointment Booking and Scheduling Plugin\nPlugin URI: https:\/\/www.booking-wp-plugin.com\/?utm_source=bookly_admin&utm_medium=plugins_page&utm_campaign=plugins_page\nVersion: 27.2-->\n<style type=\"text\/css\">\n    :root {\n        --bookly-main-color: #244ca4 !important;\n        --bookly-color: #244ca4 !important;\n    }\n\n        .alert-custom, .alert-custom-warning {\n    font-size: 16px;\n    line-height: 1.1;       \/* Line-height m\u00ednimo *\/\n    padding: 1em;\n    border-radius: 10px;\n    box-shadow: 0 4px 6px rgba(0,0,0,0.1);\n    width: 100%;            \/* Ocupa todo el ancho disponible *\/\n    margin: 20px auto;      \/* Centrado horizontal y margen superior\/inferior *\/\n    box-sizing: border-box; \/* Incluye padding dentro del ancho *\/\n}\n\n.alert-custom { \n    background-color: #d4edda;\n    border: 1px solid #c3e6cb;\n    color: #155724;\n}\n\n.alert-custom-warning { \n    background-color: #fff3cd;\n    border: 1px solid #ffeeba;\n    color: #856404;\n}    <\/style><div class=\"bookly-css-root\">\n    <div id=\"bookly-form-container-69fe10d3a78ff\" class=\"bookly-form\" data-form_id=\"\" aria-live=\"polite\">\n        <div style=\"text-align: center\"><img decoding=\"async\" src=\"https:\/\/eltrebol.gov.ar\/licencia\/wp-includes\/js\/tinymce\/skins\/lightgray\/img\/loader.gif\" alt=\"Cargando ...\"\/><\/div>\n    <\/div>\n<\/div>\n<script type=\"text\/javascript\">\n    (function (win, fn) {\n        var done = false, top = true,\n            doc = win.document,\n            root = doc.documentElement,\n            modern = doc.addEventListener,\n            add = modern ? 'addEventListener' : 'attachEvent',\n            rem = modern ? 'removeEventListener' : 'detachEvent',\n            pre = modern ? '' : 'on',\n            init = function (e) {\n                if (e.type == 'readystatechange') if (doc.readyState != 'complete') return;\n                (e.type == 'load' ? win : doc)[rem](pre + e.type, init, false);\n                if (!done) {\n                    done = true;\n                    fn.call(win, e.type || e);\n                }\n            },\n            poll = function () {\n                try {\n                    root.doScroll('left');\n                } catch (e) {\n                    setTimeout(poll, 50);\n                    return;\n                }\n                init('poll');\n            };\n        if (doc.readyState == 'complete') fn.call(win, 'lazy');\n        else {\n            if (!modern) if (root.doScroll) {\n                try {\n                    top = !win.frameElement;\n                } catch (e) {\n                }\n                if (top) poll();\n            }\n            doc[add](pre + 'DOMContentLoaded', init, false);\n            doc[add](pre + 'readystatechange', init, false);\n            win[add](pre + 'load', init, false);\n        }\n    })(window, function () {\n        window.bookly( {\"form_id\":\"69fe10d3a78ff\",\"form_data\":{\"skip_service_step\":1,\"hide_service_part1\":1,\"hide_service_part2\":1,\"defaults\":{\"service_id\":1,\"staff_id\":0,\"location_id\":0,\"category_id\":0,\"units\":0,\"date_from\":0,\"time_from\":0,\"time_to\":0}},\"status\":{\"booking\":\"new\"},\"form_token\":null,\"skip_steps\":{\"service_part1\":1,\"service_part2\":1,\"extras\":1,\"time\":0,\"repeat\":1,\"cart\":1},\"errors\":{\"session_error\":\"Error de sesi\\u00f3n.\",\"form_id_error\":\"Error Identificaci\\u00f3n formulario.\",\"cart_item_not_available\":\"La hora seleccionada ya no est\\u00e1 disponible. Por favor elije otra ranura de hora.\",\"pay_locally_not_available\":\"Pagu\\u00e9 no est\\u00e1 disponible.\",\"invalid_gateway\":\"Puerta de enlace no es v\\u00e1lido.\",\"payment_error\":\"Error.\",\"incorrect_username_password\":\"Nombre de usuario o contrase\\u00f1a incorrectos.\"},\"form_attributes\":{\"hide_categories\":true,\"hide_services\":true,\"hide_staff_members\":true,\"show_number_of_persons\":false,\"hide_service_duration\":true,\"hide_locations\":true,\"hide_quantity\":true,\"hide_date\":true,\"hide_week_days\":true,\"hide_time_range\":true},\"use_client_time_zone\":0,\"defaults\":{\"service_id\":1,\"staff_id\":0,\"location_id\":0,\"category_id\":0},\"datepicker_mode\":\"text-accent\",\"facebook\":{\"enabled\":0,\"appId\":\"\"}} );\n    });\n<\/script>\n<div class=\"content_left\">\n<div class=\"atencion\">\n<p style=\"font-size: 1.1em; border-bottom: solid 2px rgba(0,0,0,.1); padding-bottom: 5px; margin-bottom: 5px;\"><strong>Concurrir al C.I.C. <\/strong>(Palermo esq. Belgrano) en el d\u00eda del turno otorgado a las 07:45hs.<\/p>\n<p style=\"font-size: 0.9em; color: rgba(0,0,0,.75); padding-bottom: 0px; margin-bottom: 0px;\"><strong>SI PAGAS CON D\u00c9BITO,<\/strong> lo abonas en el mismo CIC. <strong>SI PAGAS CON EFECTIVO \/ TRANSFERENCIA<\/strong>, abonas luego de hacer todos los ex\u00e1menes en el predio, en la <strong>Caja Municipal<\/strong>.<\/p>\n<\/div>\n<h2><strong>Requisitos a presentar<\/strong><\/h2>\n<ul>\n<li><strong>Planillas<\/strong> <small>(descargar, completar ambos lados y presentar sin FIRMAR)<\/small>:\n<ul>\n<li><strong>Solicitud Licencia \u00danica de Conducir<\/strong>. <a href=\"https:\/\/eltrebol.gov.ar\/licencia\/wp-content\/uploads\/2023\/03\/solicitud-licencia-conducir.pdf\" target=\"_blank\" rel=\"noopener noreferrer\"><span class=\"td_btn td_btn_sm td_round_btn\">DESCARGAR<\/span><\/a><\/li>\n<li><strong>DDJJ sobre Padecimientos de Afecciones<\/strong>. <a href=\"https:\/\/eltrebol.gov.ar\/licencia\/wp-content\/uploads\/2023\/03\/DDJJ_sobre_padecimiento_de_afecciones.pdf\" target=\"_blank\" rel=\"noopener noreferrer\"><span class=\"td_btn td_btn_sm td_round_btn\">DESCARGAR<\/span><\/a><\/li>\n<\/ul>\n<\/li>\n<li><strong>Boleta CENAT. <\/strong>Traer boleta original y comprobante de pago. La Boleta de CENAT tiene una <span style=\"text-decoration: underline;\">fecha de vencimiento<\/span>, respetar esa fecha para abonar, para no tener que volver hacer la impresi\u00f3n de la misma. <small><strong>Lugares de Pago<\/strong>: Santa Fe Servicios, Piumetti, La Caja Seguro y MercadoPago (2do c\u00f3digo de barra\/ C\u00f3digo QR).<\/small> <a href=\"https:\/\/www.santafe.gov.ar\/cenat\" target=\"_blank\" rel=\"noopener noreferrer\"><span class=\"td_btn td_btn_sm td_round_btn\">DESCARGAR<\/span><\/a><\/li>\n<li><strong>Fotocopia DNI<\/strong>\u00a0anverso y reverso (Traer DNI Original)<\/li>\n<li>Consultar previo al turno por <strong>Libre de Multa Municipal<\/strong>\u00a0ante el Juzgado de Faltas. Presencial en Centro C\u00edvico &#8211; Planta Baja o por <a href=\"https:\/\/wa.me\/5493401522837?text=Hola%20quiero%20consultar%20sobre%20el%20Libre%20de%20Multa%20Municipal\" target=\"_blank\" rel=\"noopener\"><span class=\"td_btn td_btn_sm td_round_btn\">WHATSAPP (3401522837)<\/span><\/a>.<\/li>\n<li>Primera Licencia:\u00a0<strong>La charla es de car\u00e1cter obligatorio<\/strong>. Las mismas se dictan\u00a0<strong>todos los jueves a las 19:00hs en el C.I.C. <\/strong>(Palermo esq. Belgrano). Adem\u00e1s, deber\u00e1 agregar a la documentaci\u00f3n solicitada: una<strong>\u00a0fotocopia Grupo Sangu\u00edneo<\/strong>.<\/li>\n<li>Para renovaci\u00f3n:\u00a0<strong>Fotocopia licencia anterior<\/strong>, ambos lados.<\/li>\n<li><strong>Papeles del Veh\u00edculo:<\/strong> Patente, Seguro, Tarjeta Verde y Revisi\u00f3n T\u00e9cnica Vehicular. <span style=\"text-decoration: underline;\">SOLO si tienen alg\u00fan tipo de infracci\u00f3n.<\/span><\/li>\n<li>\n<p class=\"m_-5526796433619818266MsoListParagraph\">Para <strong>Licencia Clase D<\/strong>: Anexar <span style=\"font-weight: 400;\">el Certificado de Antecedentes Penales<\/span>. Tramitarlo con anticipaci\u00f3n al turno.<\/p>\n<\/li>\n<\/ul>\n<div class=\"atencion\">\n<p style=\"font-size: 0.9em; padding-bottom: 0px; margin-bottom: 0px; text-align: justify;\"><strong>IMPORTANTE (A partir del 19\/05):<\/strong> por adhesi\u00f3n al Decreto Nacional 196\/2025 solo <span style=\"text-decoration: underline;\">los que renuevan CLASE D-E-C<\/span> tienen que contar con el psicof\u00edsico y charla Vigente. Cualquier consulta llamar al Tel\u00e9fono Licencia de conducir 03401-15522854.<\/p>\n<\/div>\n<\/div>\n<div class=\"content_right\">    <style>\n        .mi-tabla-precios td, .mi-tabla-precios th {\n            text-align: right;\n            padding: 8px;\n        }\n        .mi-tabla-precios th:first-child, .mi-tabla-precios td:first-child {\n            text-align: left;\n        }\n    <\/style>\n    <h3><b>TABLA DE PRECIOS SEG\u00daN LA EDAD<\/b><\/h3>\n    <table class=\"mi-tabla-precios\" border=\"1\">\n        <thead>\n            <tr>\n                <th width=\"25%\">Cantidad<\/th>\n                <th width=\"25%\">De 21 a 65<\/th>\n                <th width=\"25%\">De 66 a 70<\/th>\n                <th width=\"25%\">M\u00e1s de 71<\/th>\n            <\/tr>\n        <\/thead>\n        <tbody>\n            <tr>\n                <td>1 Licencia<\/td>\n                <td>$ 54.240,00<\/td>\n                <td>$ 41.132,88<\/td>\n                <td>$ 27.248,94<\/td>\n            <\/tr>\n            <tr>\n                <td>2 Licencias<\/td>\n                <td>$ 75.990,00<\/td>\n                <td>$ 60.552,53<\/td>\n                <td>$ 43.755,65<\/td>\n            <\/tr>\n            <tr>\n                <td>3 Licencias<\/td>\n                <td>$ 93.390,00<\/td>\n                <td>$ 76.088,27<\/td>\n                <td>$ 56.961,03<\/td>\n            <\/tr>\n        <\/tbody>\n    <\/table>\n\t<hr>\n    <h3><b>CAMBIO DE DATOS O EXTRAV\u00cdO<\/b><\/h3>\n    <table class=\"mi-tabla-precios\" border=\"1\">\n        <thead>\n            <tr>\n                <th width=\"25%\"><\/th>\n                <th width=\"25%\">De 21 a 65<\/th>\n                <th width=\"25%\">De 66 a 70<\/th>\n                <th width=\"25%\">M\u00e1s de 71<\/th>\n            <\/tr>\n        <\/thead>\n        <tbody>\n            <tr>\n                <td style=\"font-size:12px; line-height:1em;\">Cambio de Datos<br>o Extrav\u00edo<\/td>\n                <td>$ 14.500,00<\/td>\n                <td>$ 12.946,44<\/td>\n                <td>$ 11.004,49<\/td>\n            <\/tr>\n        <\/tbody>\n    <\/table>\n    <br \/>\n<a href=\"https:\/\/eltrebol.gov.ar\/licencia\/wp-content\/uploads\/2024\/06\/posnet-licencia-1.jpg\"><img loading=\"lazy\" decoding=\"async\" class=\" td-modal-image aligncenter wp-image-264 size-medium\" src=\"https:\/\/eltrebol.gov.ar\/licencia\/wp-content\/uploads\/2024\/06\/posnet-licencia-1-300x300.jpg\" alt=\"\" width=\"300\" height=\"300\" srcset=\"https:\/\/eltrebol.gov.ar\/licencia\/wp-content\/uploads\/2024\/06\/posnet-licencia-1-300x300.jpg 300w, https:\/\/eltrebol.gov.ar\/licencia\/wp-content\/uploads\/2024\/06\/posnet-licencia-1-1024x1024.jpg 1024w, https:\/\/eltrebol.gov.ar\/licencia\/wp-content\/uploads\/2024\/06\/posnet-licencia-1-150x150.jpg 150w, https:\/\/eltrebol.gov.ar\/licencia\/wp-content\/uploads\/2024\/06\/posnet-licencia-1-768x768.jpg 768w, https:\/\/eltrebol.gov.ar\/licencia\/wp-content\/uploads\/2024\/06\/posnet-licencia-1-696x696.jpg 696w, https:\/\/eltrebol.gov.ar\/licencia\/wp-content\/uploads\/2024\/06\/posnet-licencia-1-1068x1068.jpg 1068w, https:\/\/eltrebol.gov.ar\/licencia\/wp-content\/uploads\/2024\/06\/posnet-licencia-1.jpg 1080w\" sizes=\"auto, (max-width: 300px) 100vw, 300px\" \/><\/a><\/div>\n","protected":false},"excerpt":{"rendered":"<p>Concurrir al C.I.C. (Palermo esq. Belgrano) en el d\u00eda del turno otorgado a las 07:45hs. SI PAGAS CON D\u00c9BITO, lo abonas en el mismo CIC. SI PAGAS CON EFECTIVO \/ TRANSFERENCIA, abonas luego de hacer todos los ex\u00e1menes en el predio, en la Caja Municipal. Requisitos a presentar Planillas (descargar, completar ambos lados y presentar [&hellip;]<\/p>\n","protected":false},"author":1,"featured_media":143,"parent":0,"menu_order":0,"comment_status":"closed","ping_status":"closed","template":"","meta":{"footnotes":""},"class_list":["post-8","page","type-page","status-publish","has-post-thumbnail"],"_links":{"self":[{"href":"https:\/\/eltrebol.gov.ar\/licencia\/wp-json\/wp\/v2\/pages\/8","targetHints":{"allow":["GET"]}}],"collection":[{"href":"https:\/\/eltrebol.gov.ar\/licencia\/wp-json\/wp\/v2\/pages"}],"about":[{"href":"https:\/\/eltrebol.gov.ar\/licencia\/wp-json\/wp\/v2\/types\/page"}],"author":[{"embeddable":true,"href":"https:\/\/eltrebol.gov.ar\/licencia\/wp-json\/wp\/v2\/users\/1"}],"replies":[{"embeddable":true,"href":"https:\/\/eltrebol.gov.ar\/licencia\/wp-json\/wp\/v2\/comments?post=8"}],"version-history":[{"count":69,"href":"https:\/\/eltrebol.gov.ar\/licencia\/wp-json\/wp\/v2\/pages\/8\/revisions"}],"predecessor-version":[{"id":300,"href":"https:\/\/eltrebol.gov.ar\/licencia\/wp-json\/wp\/v2\/pages\/8\/revisions\/300"}],"wp:featuredmedia":[{"embeddable":true,"href":"https:\/\/eltrebol.gov.ar\/licencia\/wp-json\/wp\/v2\/media\/143"}],"wp:attachment":[{"href":"https:\/\/eltrebol.gov.ar\/licencia\/wp-json\/wp\/v2\/media?parent=8"}],"curies":[{"name":"wp","href":"https:\/\/api.w.org\/{rel}","templated":true}]}}